{"id":2255,"date":"2025-02-21T12:20:48","date_gmt":"2025-02-21T12:20:48","guid":{"rendered":"https:\/\/pivka-delamaris-korpo.dev.wordpress.optiweb.si\/?page_id=2255"},"modified":"2025-02-27T10:29:38","modified_gmt":"2025-02-27T10:29:38","slug":"privacy-policy","status":"publish","type":"page","link":"https:\/\/pivkadelamaris.si\/en\/privacy-policy\/","title":{"rendered":"Privacy Policy"},"content":{"rendered":"<section id=\"section-block_4561c46e82f505c02f94a717222ed5b0\" class=\"section background-overlay background-primary display-flex flex-direction-column justify-content-end medium-justify-content-center padding-medium-vertical min-height-300 medium-min-height-400 header-pull header-inverse\"  >\n    \n<div id=\"wrap-block_910bca379adea3462c432e87bfd5c63e\" class=\"wrap header-space\"  >\n    \n\n    <div class=\"grid-container\">\n\n    <div id=\"grid-block_a5921fa597c3606eff95a4853f04cd2b\" class=\"grid-x grid-margin-x grid-margin-y align-items-end\" >\n        \n<div id=\"cell-block_2649ad56ad193d08d66e9542b7abccda\" class=\"cell medium-8 medium-offset-4\" >\n    \n\n<h1 class=\"wp-block-heading color-white no-margin\">Privacy policy<\/h1>\n\n\n<\/div>\n\n\n\n    <\/div>\n\n    <\/div>\n\n\n\n\n<\/div>\n\n\n\n<\/section>\n\n\n\n<section id=\"section-block_91b7250ff03319ce4e283f8061246953\" class=\"section medium-padding-small-vertical padding-xxsmall-vertical\"  >\n    \n\n    <div class=\"grid-container\">\n\n    <div id=\"grid-block_6105e9702a6a6e1dac33208230a0281c\" class=\"grid-x\" >\n        \n<div id=\"cell-block_030744598b6a9999841cb10070e1ddd1\" class=\"cell\" >\n    \n<div id=\"wrap-block_2e61258c54f69fc0e8ee03b5e0bc34d0\" class=\"wrap max-width-800 margin-auto-horizontal\"  >\n    \n\n<h1 class=\"wp-block-heading\">Legal notice<\/h1>\n\n\n\n<p>Politika zasebnosti in varstvo osebnih podatkov velja za vse uporabnike spletni strani&nbsp;<a href=\"http:\/\/www.pivkap.si\/\">www.pivkadelamaris.si<\/a>&nbsp;(v nadaljevanju: spletna stran), s katero upravlja  podjetje Pivka d.d., Kal 1, 6257 Pivka &nbsp;(v nadaljevanju: Pivka ali Skupina Pivka &#8211; Delamaris).<\/p>\n\n\n\n<h4 class=\"wp-block-heading\"><strong>Upravljavec osebnih podatkov<\/strong><\/h4>\n\n\n\n<p>Upravljavec osebnih podatkov, ki jih posameznik posreduje, je Pivka d.d., Kal 1, 6257 Pivka.<\/p>\n\n\n\n<h4 class=\"wp-block-heading\"><strong>Zbiranje in uporaba osebnih podatkov<\/strong><\/h4>\n\n\n\n<p>Skupina Pivka &#8211; Delamaris spo\u0161tuje in varuje zasebnost uporabnikov spletne strani, osebne podatke pa obdeluje odgovorno in v skladu z Zakonom o varstvu osebnih podatkov (ZVOP-1)ter Uredbo (EU) 2016\/679 Evropskega parlamenta in Sveta z dne 27. aprila 2016 o varstvu posameznikov pri obdelavi osebnih podatkov o prostem pretoku takih podatkov ter o razveljavitvi Direktive 95\/46\/ES (Splo\u0161na uredba o varstvu podatkov).<\/p>\n\n\n\n<p>Podatke o uporabnikih upravljavec obdeluje za izpolnjevanje svojih obveznosti za namene identifikacije posameznika ob morebitnem re\u0161evanju reklamacij ter ostale, z nakupom povezane komunikacije.<\/p>\n\n\n\n<p>Upravljavec zbira in obdeluje osebne podatke posameznikov v primeru registracije in soglasja posameznika k prejemanju e-novic ali receptov ter nagradne igre. &nbsp;S sodelovanjem v eni od omenjenih aktivnosti bodo obdelani naslednji osebni podatki: ime in priimek, elektronski naslov, podatki o prebivali\u0161\u010du, dr\u017eava bivanja, telefonska \u0161tevilka, IP naslov, podatki o registraciji, arhiv komunikacije. Skupina Pivka &#8211; Delamaris te podatke potrebuje za potrebe komunikacije, priprave in posredovanja odgovorov ter ugodnosti, prilagojenih zanimanju uporabnika.<\/p>\n\n\n\n<p>Na podlagi soglasja posameznika lahko upravljavec obdeluje osebne podatke za namene priprave in po\u0161iljanja prilagojenih ponudb ter obve\u0161\u010danje o ponudbah, ki uporabnika zanimajo. Obve\u0161\u010danje se izvaja preko izbranih kanalov posredovanja. Posredovanje osebnih podatkov je prostovoljno in ga lahko posameznik kadarkoli umakne. Podatki se hranijo do preklica privoljenja posameznika oziroma do prejema zahteve za izbris podatkov.<\/p>\n\n\n\n<p>Upravljavec lahko obdeluje nekatere osebne podatke (ime in priimek, naslov, elektronski naslov, telefonska \u0161tevilka) za potrebe neposrednega tr\u017eenja ter za potrebe ugotavljanja zadovoljstva strank s storitvami oziroma uporabni\u0161ko izku\u0161njo tudi na podlagi zakonitega interesa, \u010de posameznik navedeni obdelavi ne ugovarja.<\/p>\n\n\n\n<p>Podatki, za katere Skupina Pivka &#8211; Delamaris ne potrebuje soglasja posameznika, se obdelujejo v skladu z veljavno zakonodajo.<\/p>\n\n\n\n<h4 class=\"wp-block-heading\"><strong>Namen zbiranja osebnih podatkov<\/strong><\/h4>\n\n\n\n<p>Skupina Pivka &#8211; Delamaris  zbira osebne podatke na spletni strani z naslednjimi nameni:<\/p>\n\n\n\n<p>\u2013 izbolj\u0161anje kakovosti vsebin in funkcionalnosti storitev na spletni strani;<\/p>\n\n\n\n<p>\u2013 oblikovanje prilagojenih ponudb in obve\u0161\u010danje o ponudbah, ki uporabnika zanimajo, le preko izbranih kanalov;<\/p>\n\n\n\n<p>\u2013 tr\u017eenjske raziskave, za namenom optimiziranja ponudbe in stro\u0161kov ter dvig zadovoljstva kupcev;<\/p>\n\n\n\n<p>\u2013 po\u0161iljanje e-novic in drugega oglasnega gradiva;<\/p>\n\n\n\n<p>\u2013 re\u0161evanje reklamacij;<\/p>\n\n\n\n<p>\u2013 komuniciranje in po\u0161iljanje nagrad v nagradni igri.<\/p>\n\n\n\n<h4 class=\"wp-block-heading\"><strong>Shranjevanje osebnih podatkov<\/strong><\/h4>\n\n\n\n<p>Skupina Pivka &#8211; Delamaris ustrezno hrani in varuje osebne podatke v elektronski obliki na sede\u017eu podjetja. Podatki, ki se obdelujejo za namen izpolnjevanja pogodbenih obveznosti se hranijo do izpolnitve vseh obveznosti iz pogodbenega razmerja oziroma \u0161e najve\u010d 5 let po izpolnitvi vseh obveznostih, s potekom zastaralnih rokov v zvezi s posamezno terjatvijo.<\/p>\n\n\n\n<p>Podatki, ki se obdelujejo na podlagi soglasja posameznika, upravljavec hrani do preklica njegovega soglasja. Uporabnik lahko kadarkoli poda pisno zahtevo za preklic uporabe osebnih podatkov na naslov&nbsp;<a href=\"mailto:vop@harveynorman.si\">marketing@pivkap.si<\/a><\/p>\n\n\n\n<h4 class=\"wp-block-heading\"><strong>Varovanje zasebnosti<\/strong><\/h4>\n\n\n\n<p>Skupina Pivka &#8211; Delamaris  skrbi za varovanje zasebnosti z upo\u0161tevanjem vseh veljavnih zakonskih predpisov. Prav tako pa Pivka zagotavlja vso potrebno tehnolo\u0161ko ter organizacijsko podporo za za\u0161\u010dito in varovanje osebnih podatkov pred izgubo, spremembami, krajo in dostopom nepoobla\u0161\u010denih tretjih oseb.<\/p>\n\n\n\n<h4 class=\"wp-block-heading\"><strong>Pi\u0161kotki<\/strong><\/h4>\n\n\n\n<p>Spletna stran vsebuje t.i. pi\u0161kotke (Cookies) zaradi uresni\u010devanja namena nemotenega delovanja strani.<\/p>\n\n\n\n<h4 class=\"wp-block-heading\"><strong>Posredovanje osebnih podatkov tretjim osebam<\/strong><\/h4>\n\n\n\n<p>Skupina Pivka &#8211; Delamaris lahko nekatere va\u0161e podatke, skladno z namenom obdelave, posreduje tretjim oseba oz dovoli vplogled v podatke:<\/p>\n\n\n\n<p>\u2013 zunanji pogodbeni agenciji, ki za Skupina Pivka &#8211; Delamaris  ureja spletno stran. Agencija deluje izklju\u010dno v imenu, za ra\u010dun, po navodilih in pod nadzorom Pivke perutninarstva, z namenom tehni\u010dne in vsebinske in uporabni\u0161ke izku\u0161nje na spletni strani;<\/p>\n\n\n\n<p>\u2013 zunanji spletni aplikaciji, ki slu\u017ei posredovanju e-novic in deluje izklju\u010dno v imenu in za ra\u010dun, po navodilih in pod nadzorom Pivke perutninarstva;<\/p>\n\n\n\n<p>\u2013 \u010de za podatke zaprosijo dr\u017eavni organi, ki s pisno obrazlo\u017eitvijo zahtevajo podatke za potrebe vodenja konkretnega postopka.<\/p>\n\n\n\n<h4 class=\"wp-block-heading\"><strong>Pravice uporabnika<\/strong><\/h4>\n\n\n\n<p>Posameznik ima v zvezi z obdelovanje osebnih podatkov naslednje pravice:<\/p>\n\n\n\n<p>\u2013 pravico do dostopa do podatkov,<\/p>\n\n\n\n<p>\u2013 pravico do popravka,<\/p>\n\n\n\n<p>\u2013 pravico do izbrisa (\u00bbpravica do pozabe\u00ab),<\/p>\n\n\n\n<p>\u2013 pravico do omejitve obdelave,<\/p>\n\n\n\n<p>\u2013 pravico do prenosljivosti podatkov in<\/p>\n\n\n\n<p>\u2013 pravico do ugovora.<\/p>\n\n\n\n<p>Posameznik, na katerega se nana\u0161ajo osebni podatki, lahko zahteva uveljavljanje navedenih pravic s poslano zahtevo na elektronski naslov&nbsp;<a href=\"mailto:vop@harveynorman.si\">marketing@pivkap.si<\/a>. Pivka bo zahtevi ugodil ali posameznika obvestil o razlogih za zavrnitev zahteve brez nepotrebnega odla\u0161anja, vendar najkasneje v 15 dneh od prejema zahteve.<\/p>\n\n\n\n<h4 class=\"wp-block-heading\"><strong>Pravica do dostopa do podatkov<\/strong><\/h4>\n\n\n\n<p>Posameznik, na katerega se nana\u0161ajo osebni podatki ima pravico od upravljavca pridobiti potrditev, ali se v zvezi z njim obdelujejo osebni podatki, in kadar je temu tako tudi dostop do osebnih podatkov in naslednjih informacij:<\/p>\n\n\n\n<p>\u2013 nameni obdelave;<\/p>\n\n\n\n<p>\u2013 vrste osebnih podatkov;<\/p>\n\n\n\n<p>\u2013 uporabniki ali kategorije uporabnika, ki so jim bili ali jim bodo razkriti osebni podatki, zlasti uporabnike v tretjih dr\u017eavah ali mednarodnih organizacijah;<\/p>\n\n\n\n<p>\u2013 kadar je mogo\u010de, predvideno obdobje hrambe osebnih podatkov ali, \u010de to ni mogo\u010de, merila, ki se uporabijo za dolo\u010ditev tega obdobja;<\/p>\n\n\n\n<p>\u2013 obstoj pravice, da se od upravljavca zahteva popravek ali izbris osebnih podatkov ali omejitev obdelave osebnih podatkov v zvezi s posameznikom, na katerega se nana\u0161ajo osebni podatki, ali obstoj pravice do ugovora taki obdelavi;<\/p>\n\n\n\n<p>\u2013 pravica do vlo\u017eitve prito\u017ebe pri nadzornem organu;<\/p>\n\n\n\n<p>\u2013 kadar osebni podatki niso zbrani od posameznika, vse razpolo\u017eljive informacije v zvezi z njihovim virom;<\/p>\n\n\n\n<p>\u2013 obstoj avtomatiziranega sprejemanja odlo\u010ditev, vklju\u010dno z oblikovanjem profilov, ter smiselne informacije o razlogih zanj, kot tudi pomen in predvidene posledice take obdelave za posameznika.<\/p>\n\n\n\n<p>Pivka posamezniku zagotovi kopijo osebnih podatkov, ki se obdelujejo. \u010ce posameznik zahtevo predlo\u017ei z elektronskimi sredstvi in \u010de ne zahteva druga\u010de, se mu informacije zagotovijo v elektronski obliki.<\/p>\n\n\n\n<h4 class=\"wp-block-heading\"><strong>Pravica do popravka<\/strong><\/h4>\n\n\n\n<p>Posameznik, na katerega se nana\u0161ajo osebni podatki, ima pravico dose\u010di, da Pivka popravi neto\u010dne osebne podatke v zvezi z njim. Ob upo\u0161tevanju namenov ima posameznik tudi pravico do dopolnitve nepopolnih osebnih podatkov, vklju\u010dno s predlo\u017eitvijo dopolnilne izjave.<\/p>\n\n\n\n<h4 class=\"wp-block-heading\"><strong>Pravica do izbrisa (\u00bbpravica do pozabe\u00ab)<\/strong><\/h4>\n\n\n\n<p>Posameznik, na katerega se nana\u0161ajo osebni podatki, ima pravico dose\u010di, da Pivka izbri\u0161e osebne podatke v zvezi z njim. Pivka mora podatke izbrisati, kadar:<\/p>\n\n\n\n<p>\u2013 osebni podatki niso ve\u010d potrebni za namene, za katere so bili zbrani ali kako druga\u010de obdelani,<\/p>\n\n\n\n<p>\u2013 posameznik prekli\u010de privolitev, ki je podlaga za obdelavo podatkov , za obdelavo pa ne obstaja druga pravna podlaga,<\/p>\n\n\n\n<p>\u2013 posameznik ugovarja obdelavi na podlagi zakonitega interesa upravljavca, za obdelavo podatkov pa ne obstajajo nobeni prevladujo\u010di zakoniti razlogi ali \u010de posameznik obdelavi ugovarja,<\/p>\n\n\n\n<p>\u2013 posameznik ugovarja obdelavi za potrebe neposrednega tr\u017eenja,<\/p>\n\n\n\n<p>\u2013 so osebni podatki obdelani nezakonito,<\/p>\n\n\n\n<p>\u2013 je treba osebne podatke izbrisati za izpolnitev pravne obveznosti v skladu s pravom Unije ali slovenskih pravnim redom.<\/p>\n\n\n\n<h4 class=\"wp-block-heading\"><strong>Pravica do omejitve obdelave<\/strong><\/h4>\n\n\n\n<p>Posameznik, na katerega se nana\u0161ajo osebni podatki, ima pravico dose\u010di, da Pivka omeji obdelavo, kadar:<\/p>\n\n\n\n<p>\u2013 posameznik oporeka to\u010dnosti podatkov (za obdobje, ki upravljavcu omogo\u010da preveriti to\u010dnost podatkov),<\/p>\n\n\n\n<p>\u2013 je obdelava nezakonita, posameznik pa namesto izbrisa osebnih podatkov zahteva omejitev njihove uporabe,<\/p>\n\n\n\n<p>\u2013 jih ne potrebuje ve\u010d za namene obdelave, temve\u010d jih posameznik potrebuje za uveljavljanje, izvajanje ali obrambo pravnih zahtevkov,<\/p>\n\n\n\n<p>\u2013 je posameznik vlo\u017eil ugovor v zvezi z obdelavo, dokler se ne preveri, ali zakoniti razlogi upravljavca prevladajo nad razlogi posameznika, na katerega se nana\u0161ajo osebni podatki.<\/p>\n\n\n\n<p>Kadar je obdelava osebnih podatkov omejena, se lahko taki osebni podatki z izjemo shranjevanja obdelujejo le s privolitvijo posameznika, na katerega se podatki nana\u0161ajo, ali pa za uveljavljanje, izvajanje ali obrambo pravnih zahtevkov ali zaradi varstva pravic druge fizi\u010dne ali pravne osebe ali zaradi pomembnega interesa Unije ali prava Slovenije.<\/p>\n\n\n\n<h4 class=\"wp-block-heading\"><strong>Pravica do prenosljivosti<\/strong><\/h4>\n\n\n\n<p>Posameznik, na katerega se nana\u0161ajo osebnih podatki, ima pravico da prejme osebne podatke zvezi z njim, ki jih je posredoval upravljavcu, v strukturirani, splo\u0161no uporabljani in strojno berljivi obliki ter pravico, da te podatke posreduje drugemu upravljavcu (\u010de je to tehni\u010dno izvedljivo) kadar:<\/p>\n\n\n\n<p>\u2013 obdelava temelji na privolitvi posameznika ali pogodbi in<\/p>\n\n\n\n<p>\u2013 se obdelava izvaja z avtomatiziranimi sredstvi.<\/p>\n\n\n\n<h4 class=\"wp-block-heading\"><strong>Pravica do ugovora<\/strong><\/h4>\n\n\n\n<p>Posameznik, na katerega se nana\u0161ajo osebni podatki, ima pravico, da kadarkoli ugovarja obdelavi osebnih podatkov, \u010de ta temelji na zakonitih interesih upravljavca. Pivka preneha obdelovati osebne podatke, razen \u010de doka\u017ee nujne legitimne razloge za obdelavo, ki prevladajo nad interesi, pravicami in svobo\u0161\u010dinami posameznika, ali za uveljavljanje, izvajanje ali obrambo pravnih zahtevkov.<\/p>\n\n\n\n<p>Posameznik ima pravico, da kadarkoli ugovarja obdelavi njegovih osebnih podatkov za namene neposrednega tr\u017eenja in oblikovanjem profilov, kolikor je povezano s takim neposrednim tr\u017eenjem. V tem primeru se osebni podatki ve\u010d ne obdelujejo v te namene.<\/p>\n\n\n\n<h4 class=\"wp-block-heading\"><strong>Pravica do vlo\u017eitve prito\u017ebe v zvezi z obdelavo osebnih podatkov<\/strong><\/h4>\n\n\n\n<p>Morebitne prito\u017ebe v zvezi z obdelovanjem osebnih podatkov lahko posameznik po\u0161lje na naslov marketing@pivkadelamaris.si.<\/p>\n\n\n\n<p>Kadar posameznik meni, da so bile kr\u0161ene njegove pravice v zvezi z obdelovanjem osebnih podatkov, ima pravico tudi do u\u010dinkovitega pravnega sredstva in vlo\u017eitve prito\u017ebe pri Informacijskemu poobla\u0161\u010dencu.<\/p>\n\n\n\n<h4 class=\"wp-block-heading\"><strong>Osebe, mlaj\u0161e od 15 let<\/strong><\/h4>\n\n\n\n<p>Osebe, mlaj\u0161e od 15 let, lahko posredujejo svoje podatke preko spletne strani le z izrecnim dovoljenjem star\u0161ev, rejnikov ali skrbnikov.<\/p>\n\n\n\n<h4 class=\"wp-block-heading\"><strong>Kon\u010dne dolo\u010dbe<\/strong><\/h4>\n\n\n\n<p>Skupina Pivka &#8211; Delamaris si pridru\u017euje pravico do spremembe ter dopolnitve teh Splo\u0161nih pogojev. Uporabniki spletne strani bodo o vseh spremembah teh Splo\u0161nih pogojev obve\u0161\u010deni na spletni strani.<\/p>\n\n\n<\/div>\n\n\n\n<\/div>\n\n\n\n    <\/div>\n\n    <\/div>\n\n\n\n\n<\/section>\n\n","protected":false},"excerpt":{"rendered":"","protected":false},"author":12,"featured_media":0,"parent":0,"menu_order":0,"comment_status":"closed","ping_status":"closed","template":"","meta":{"_acf_changed":false,"footnotes":""},"class_list":["post-2255","page","type-page","status-publish","hentry"],"acf":[],"yoast_head":"<!-- This site is optimized with the Yoast SEO plugin v26.6 - https:\/\/yoast.com\/wordpress\/plugins\/seo\/ -->\n<title>Privacy Policy - PIVKA DELAMARIS SKUPINA<\/title>\n<meta name=\"robots\" content=\"index, follow, max-snippet:-1, max-image-preview:large, max-video-preview:-1\" \/>\n<link rel=\"canonical\" href=\"https:\/\/pivkadelamaris.si\/en\/privacy-policy\/\" \/>\n<meta property=\"og:locale\" content=\"en_US\" \/>\n<meta property=\"og:type\" content=\"article\" \/>\n<meta property=\"og:title\" content=\"Privacy Policy - PIVKA DELAMARIS SKUPINA\" \/>\n<meta property=\"og:url\" content=\"https:\/\/pivkadelamaris.si\/en\/privacy-policy\/\" \/>\n<meta property=\"og:site_name\" content=\"PIVKA DELAMARIS SKUPINA\" \/>\n<meta property=\"article:modified_time\" content=\"2025-02-27T10:29:38+00:00\" \/>\n<meta name=\"twitter:card\" content=\"summary_large_image\" \/>\n<meta name=\"twitter:label1\" content=\"Est. reading time\" \/>\n\t<meta name=\"twitter:data1\" content=\"7 minutes\" \/>\n<script type=\"application\/ld+json\" class=\"yoast-schema-graph\">{\"@context\":\"https:\/\/schema.org\",\"@graph\":[{\"@type\":\"WebPage\",\"@id\":\"https:\/\/pivkadelamaris.si\/en\/privacy-policy\/\",\"url\":\"https:\/\/pivkadelamaris.si\/en\/privacy-policy\/\",\"name\":\"Privacy Policy - PIVKA DELAMARIS SKUPINA\",\"isPartOf\":{\"@id\":\"https:\/\/pivkadelamaris.si\/#website\"},\"datePublished\":\"2025-02-21T12:20:48+00:00\",\"dateModified\":\"2025-02-27T10:29:38+00:00\",\"breadcrumb\":{\"@id\":\"https:\/\/pivkadelamaris.si\/en\/privacy-policy\/#breadcrumb\"},\"inLanguage\":\"en-US\",\"potentialAction\":[{\"@type\":\"ReadAction\",\"target\":[\"https:\/\/pivkadelamaris.si\/en\/privacy-policy\/\"]}]},{\"@type\":\"BreadcrumbList\",\"@id\":\"https:\/\/pivkadelamaris.si\/en\/privacy-policy\/#breadcrumb\",\"itemListElement\":[{\"@type\":\"ListItem\",\"position\":1,\"name\":\"Home\",\"item\":\"https:\/\/pivkadelamaris.si\/en\/\"},{\"@type\":\"ListItem\",\"position\":2,\"name\":\"Privacy Policy\"}]},{\"@type\":\"WebSite\",\"@id\":\"https:\/\/pivkadelamaris.si\/#website\",\"url\":\"https:\/\/pivkadelamaris.si\/\",\"name\":\"PIVKA DELAMARIS SKUPINA\",\"description\":\"\",\"potentialAction\":[{\"@type\":\"SearchAction\",\"target\":{\"@type\":\"EntryPoint\",\"urlTemplate\":\"https:\/\/pivkadelamaris.si\/?s={search_term_string}\"},\"query-input\":{\"@type\":\"PropertyValueSpecification\",\"valueRequired\":true,\"valueName\":\"search_term_string\"}}],\"inLanguage\":\"en-US\"}]}<\/script>\n<!-- \/ Yoast SEO plugin. -->","yoast_head_json":{"title":"Privacy Policy - PIVKA DELAMARIS SKUPINA","robots":{"index":"index","follow":"follow","max-snippet":"max-snippet:-1","max-image-preview":"max-image-preview:large","max-video-preview":"max-video-preview:-1"},"canonical":"https:\/\/pivkadelamaris.si\/en\/privacy-policy\/","og_locale":"en_US","og_type":"article","og_title":"Privacy Policy - PIVKA DELAMARIS SKUPINA","og_url":"https:\/\/pivkadelamaris.si\/en\/privacy-policy\/","og_site_name":"PIVKA DELAMARIS SKUPINA","article_modified_time":"2025-02-27T10:29:38+00:00","twitter_card":"summary_large_image","twitter_misc":{"Est. reading time":"7 minutes"},"schema":{"@context":"https:\/\/schema.org","@graph":[{"@type":"WebPage","@id":"https:\/\/pivkadelamaris.si\/en\/privacy-policy\/","url":"https:\/\/pivkadelamaris.si\/en\/privacy-policy\/","name":"Privacy Policy - PIVKA DELAMARIS SKUPINA","isPartOf":{"@id":"https:\/\/pivkadelamaris.si\/#website"},"datePublished":"2025-02-21T12:20:48+00:00","dateModified":"2025-02-27T10:29:38+00:00","breadcrumb":{"@id":"https:\/\/pivkadelamaris.si\/en\/privacy-policy\/#breadcrumb"},"inLanguage":"en-US","potentialAction":[{"@type":"ReadAction","target":["https:\/\/pivkadelamaris.si\/en\/privacy-policy\/"]}]},{"@type":"BreadcrumbList","@id":"https:\/\/pivkadelamaris.si\/en\/privacy-policy\/#breadcrumb","itemListElement":[{"@type":"ListItem","position":1,"name":"Home","item":"https:\/\/pivkadelamaris.si\/en\/"},{"@type":"ListItem","position":2,"name":"Privacy Policy"}]},{"@type":"WebSite","@id":"https:\/\/pivkadelamaris.si\/#website","url":"https:\/\/pivkadelamaris.si\/","name":"PIVKA DELAMARIS SKUPINA","description":"","potentialAction":[{"@type":"SearchAction","target":{"@type":"EntryPoint","urlTemplate":"https:\/\/pivkadelamaris.si\/?s={search_term_string}"},"query-input":{"@type":"PropertyValueSpecification","valueRequired":true,"valueName":"search_term_string"}}],"inLanguage":"en-US"}]}},"_links":{"self":[{"href":"https:\/\/pivkadelamaris.si\/en\/wp-json\/wp\/v2\/pages\/2255","targetHints":{"allow":["GET"]}}],"collection":[{"href":"https:\/\/pivkadelamaris.si\/en\/wp-json\/wp\/v2\/pages"}],"about":[{"href":"https:\/\/pivkadelamaris.si\/en\/wp-json\/wp\/v2\/types\/page"}],"author":[{"embeddable":true,"href":"https:\/\/pivkadelamaris.si\/en\/wp-json\/wp\/v2\/users\/12"}],"replies":[{"embeddable":true,"href":"https:\/\/pivkadelamaris.si\/en\/wp-json\/wp\/v2\/comments?post=2255"}],"version-history":[{"count":6,"href":"https:\/\/pivkadelamaris.si\/en\/wp-json\/wp\/v2\/pages\/2255\/revisions"}],"predecessor-version":[{"id":3284,"href":"https:\/\/pivkadelamaris.si\/en\/wp-json\/wp\/v2\/pages\/2255\/revisions\/3284"}],"wp:attachment":[{"href":"https:\/\/pivkadelamaris.si\/en\/wp-json\/wp\/v2\/media?parent=2255"}],"curies":[{"name":"wp","href":"https:\/\/api.w.org\/{rel}","templated":true}]}}