{"id":2257,"date":"2024-07-23T10:58:40","date_gmt":"2024-07-23T10:58:40","guid":{"rendered":"https:\/\/pivka-delamaris-korpo.dev.wordpress.optiweb.si\/?page_id=2257"},"modified":"2025-02-27T10:29:56","modified_gmt":"2025-02-27T10:29:56","slug":"terms-conditions","status":"publish","type":"page","link":"https:\/\/pivkadelamaris.si\/en\/terms-conditions\/","title":{"rendered":"Legal notice"},"content":{"rendered":"<section id=\"section-block_ae3d842f2315f30d1ee718c5a99bc45c\" class=\"section background-overlay background-primary display-flex flex-direction-column justify-content-end medium-justify-content-center padding-medium-vertical min-height-300 medium-min-height-400 header-pull header-inverse\"  >\n    \n<div id=\"wrap-block_07e6e5e6674328471ef1fa428cc792a4\" class=\"wrap header-space\"  >\n    \n\n    <div class=\"grid-container\">\n\n    <div id=\"grid-block_11d2d11a20f53c4f9c653b7ea228f6b3\" class=\"grid-x grid-margin-x grid-margin-y align-items-end\" >\n        \n<div id=\"cell-block_b63fe70bbfadec23e3f7245c85fb2341\" class=\"cell medium-8 medium-offset-4\" >\n    \n\n<h1 class=\"wp-block-heading color-white no-margin\">Legal notice<\/h1>\n\n\n<\/div>\n\n\n\n    <\/div>\n\n    <\/div>\n\n\n\n\n<\/div>\n\n\n\n<\/section>\n\n\n\n<section id=\"section-block_2b5dabd53515c39a92eb696c3d3abfdf\" class=\"section medium-padding-small-vertical padding-xxsmall-vertical\"  >\n    \n\n    <div class=\"grid-container\">\n\n    <div id=\"grid-block_ecd55091349747f928aef421c6c99bd5\" class=\"grid-x\" >\n        \n<div id=\"cell-block_809a373f8eb632dea6b833450795a31d\" class=\"cell\" >\n    \n<div id=\"wrap-block_78dd4cfea782885e500df6d1dabe4fe3\" class=\"wrap max-width-800 margin-auto-horizontal\"  >\n    \n\n<h1 class=\"wp-block-heading\">ODGOVORNOST<\/h1>\n\n\n\n<p>Pivka d.d. se bo z vzdr\u017eevanjem in oblikovanjem&nbsp; spletne strani zavzemala za to\u010dnost, pravilnost&nbsp; in a\u017eurnost objavljenih vsebin. Ob tem dru\u017eba ne prevzema odgovornosti&nbsp; za \u0161kodo povzro\u010deno z uporabo teh spletnih strani oziroma njenih vsebin.<\/p>\n\n\n\n<p>Uporabniki uporabljajo objavljeno vsebino na lastno odgovornost. Pivka d.d. si pridru\u017euje pravico&nbsp;spreminjanja, dodajanja ali odstranjevana vsebine spletnih strani v celoti ali delno in vedno brez predhodnega opozorila.<\/p>\n\n\n<\/div>\n\n\n\n<\/div>\n\n\n\n<div id=\"cell-block_809a373f8eb632dea6b833450795a31d\" class=\"cell\" >\n    \n<div id=\"wrap-block_78dd4cfea782885e500df6d1dabe4fe3\" class=\"wrap max-width-800 margin-auto-horizontal\"  >\n    \n\n<h1 class=\"wp-block-heading\">AVTORSKA ZA\u0160\u010cITA<\/h1>\n\n\n\n<p>Vsebine, ki so objavljene na spletnih straneh dru\u017ebe Pivka d.d. so za\u0161\u010diteno avtorsko delo Pivka d.d. in\/ali njegovih pogodbenih partnerjev skladno z dolo\u010dbami dolo\u010dbami Zakona o avtorski in sorodnih pravicah (ZASP Ur.l.RS, \u0161t. 16\/07,68\/08 in 110\/03). Prepovedana je reprodukcija, distribucija, spreminjanje, javno prikazovanje in predvajanje ter ostale oblike izkori\u0161\u010danja avtorskega dela brez izrecnega pisnega dovoljenja Pivka d.d.<\/p>\n\n\n\n<p>Z dovoljenjem podjetja Pivka d.d. lahko dokumente, ki so objavljeni na spletnih straneh Pivka d.d., uporabite le v nekomercialne namene, pri \u010demer morajo ohraniti vsa navedena opozorila o avtorskih ali drugih pravicah . Ob tem mora biti vidno ozna\u010dena Pivka d.d., kot vir podatkov.<\/p>\n\n\n<\/div>\n\n\n\n<\/div>\n\n\n\n<div id=\"cell-block_809a373f8eb632dea6b833450795a31d\" class=\"cell\" >\n    \n<div id=\"wrap-block_78dd4cfea782885e500df6d1dabe4fe3\" class=\"wrap max-width-800 margin-auto-horizontal\"  >\n    \n\n<h1 class=\"wp-block-heading\">VARSTVO OSEBNIH PODATKOV<\/h1>\n\n\n\n<p>Varstvo osebnih podatkov je opredeljeno v Politiki zasebnosti in varstvu osebnih podatkov, ki se objavljeni na spletni strani.<\/p>\n\n\n<\/div>\n\n\n\n<\/div>\n\n\n\n    <\/div>\n\n    <\/div>\n\n\n\n\n<\/section>\n\n","protected":false},"excerpt":{"rendered":"","protected":false},"author":12,"featured_media":0,"parent":0,"menu_order":0,"comment_status":"closed","ping_status":"closed","template":"","meta":{"_acf_changed":false,"footnotes":""},"class_list":["post-2257","page","type-page","status-publish","hentry"],"acf":[],"yoast_head":"<!-- This site is optimized with the Yoast SEO plugin v26.6 - https:\/\/yoast.com\/wordpress\/plugins\/seo\/ -->\n<title>Legal notice - PIVKA DELAMARIS SKUPINA<\/title>\n<meta name=\"robots\" content=\"index, follow, max-snippet:-1, max-image-preview:large, max-video-preview:-1\" \/>\n<link rel=\"canonical\" href=\"https:\/\/pivkadelamaris.si\/en\/terms-conditions\/\" \/>\n<meta property=\"og:locale\" content=\"en_US\" \/>\n<meta property=\"og:type\" content=\"article\" \/>\n<meta property=\"og:title\" content=\"Legal notice - PIVKA DELAMARIS SKUPINA\" \/>\n<meta property=\"og:url\" content=\"https:\/\/pivkadelamaris.si\/en\/terms-conditions\/\" \/>\n<meta property=\"og:site_name\" content=\"PIVKA DELAMARIS SKUPINA\" \/>\n<meta property=\"article:modified_time\" content=\"2025-02-27T10:29:56+00:00\" \/>\n<meta name=\"twitter:card\" content=\"summary_large_image\" \/>\n<meta name=\"twitter:label1\" content=\"Est. reading time\" \/>\n\t<meta name=\"twitter:data1\" content=\"1 minute\" \/>\n<script type=\"application\/ld+json\" class=\"yoast-schema-graph\">{\"@context\":\"https:\/\/schema.org\",\"@graph\":[{\"@type\":\"WebPage\",\"@id\":\"https:\/\/pivkadelamaris.si\/en\/terms-conditions\/\",\"url\":\"https:\/\/pivkadelamaris.si\/en\/terms-conditions\/\",\"name\":\"Legal notice - PIVKA DELAMARIS SKUPINA\",\"isPartOf\":{\"@id\":\"https:\/\/pivkadelamaris.si\/#website\"},\"datePublished\":\"2024-07-23T10:58:40+00:00\",\"dateModified\":\"2025-02-27T10:29:56+00:00\",\"breadcrumb\":{\"@id\":\"https:\/\/pivkadelamaris.si\/en\/terms-conditions\/#breadcrumb\"},\"inLanguage\":\"en-US\",\"potentialAction\":[{\"@type\":\"ReadAction\",\"target\":[\"https:\/\/pivkadelamaris.si\/en\/terms-conditions\/\"]}]},{\"@type\":\"BreadcrumbList\",\"@id\":\"https:\/\/pivkadelamaris.si\/en\/terms-conditions\/#breadcrumb\",\"itemListElement\":[{\"@type\":\"ListItem\",\"position\":1,\"name\":\"Home\",\"item\":\"https:\/\/pivkadelamaris.si\/en\/\"},{\"@type\":\"ListItem\",\"position\":2,\"name\":\"Legal notice\"}]},{\"@type\":\"WebSite\",\"@id\":\"https:\/\/pivkadelamaris.si\/#website\",\"url\":\"https:\/\/pivkadelamaris.si\/\",\"name\":\"PIVKA DELAMARIS SKUPINA\",\"description\":\"\",\"potentialAction\":[{\"@type\":\"SearchAction\",\"target\":{\"@type\":\"EntryPoint\",\"urlTemplate\":\"https:\/\/pivkadelamaris.si\/?s={search_term_string}\"},\"query-input\":{\"@type\":\"PropertyValueSpecification\",\"valueRequired\":true,\"valueName\":\"search_term_string\"}}],\"inLanguage\":\"en-US\"}]}<\/script>\n<!-- \/ Yoast SEO plugin. -->","yoast_head_json":{"title":"Legal notice - PIVKA DELAMARIS SKUPINA","robots":{"index":"index","follow":"follow","max-snippet":"max-snippet:-1","max-image-preview":"max-image-preview:large","max-video-preview":"max-video-preview:-1"},"canonical":"https:\/\/pivkadelamaris.si\/en\/terms-conditions\/","og_locale":"en_US","og_type":"article","og_title":"Legal notice - PIVKA DELAMARIS SKUPINA","og_url":"https:\/\/pivkadelamaris.si\/en\/terms-conditions\/","og_site_name":"PIVKA DELAMARIS SKUPINA","article_modified_time":"2025-02-27T10:29:56+00:00","twitter_card":"summary_large_image","twitter_misc":{"Est. reading time":"1 minute"},"schema":{"@context":"https:\/\/schema.org","@graph":[{"@type":"WebPage","@id":"https:\/\/pivkadelamaris.si\/en\/terms-conditions\/","url":"https:\/\/pivkadelamaris.si\/en\/terms-conditions\/","name":"Legal notice - PIVKA DELAMARIS SKUPINA","isPartOf":{"@id":"https:\/\/pivkadelamaris.si\/#website"},"datePublished":"2024-07-23T10:58:40+00:00","dateModified":"2025-02-27T10:29:56+00:00","breadcrumb":{"@id":"https:\/\/pivkadelamaris.si\/en\/terms-conditions\/#breadcrumb"},"inLanguage":"en-US","potentialAction":[{"@type":"ReadAction","target":["https:\/\/pivkadelamaris.si\/en\/terms-conditions\/"]}]},{"@type":"BreadcrumbList","@id":"https:\/\/pivkadelamaris.si\/en\/terms-conditions\/#breadcrumb","itemListElement":[{"@type":"ListItem","position":1,"name":"Home","item":"https:\/\/pivkadelamaris.si\/en\/"},{"@type":"ListItem","position":2,"name":"Legal notice"}]},{"@type":"WebSite","@id":"https:\/\/pivkadelamaris.si\/#website","url":"https:\/\/pivkadelamaris.si\/","name":"PIVKA DELAMARIS SKUPINA","description":"","potentialAction":[{"@type":"SearchAction","target":{"@type":"EntryPoint","urlTemplate":"https:\/\/pivkadelamaris.si\/?s={search_term_string}"},"query-input":{"@type":"PropertyValueSpecification","valueRequired":true,"valueName":"search_term_string"}}],"inLanguage":"en-US"}]}},"_links":{"self":[{"href":"https:\/\/pivkadelamaris.si\/en\/wp-json\/wp\/v2\/pages\/2257","targetHints":{"allow":["GET"]}}],"collection":[{"href":"https:\/\/pivkadelamaris.si\/en\/wp-json\/wp\/v2\/pages"}],"about":[{"href":"https:\/\/pivkadelamaris.si\/en\/wp-json\/wp\/v2\/types\/page"}],"author":[{"embeddable":true,"href":"https:\/\/pivkadelamaris.si\/en\/wp-json\/wp\/v2\/users\/12"}],"replies":[{"embeddable":true,"href":"https:\/\/pivkadelamaris.si\/en\/wp-json\/wp\/v2\/comments?post=2257"}],"version-history":[{"count":5,"href":"https:\/\/pivkadelamaris.si\/en\/wp-json\/wp\/v2\/pages\/2257\/revisions"}],"predecessor-version":[{"id":3285,"href":"https:\/\/pivkadelamaris.si\/en\/wp-json\/wp\/v2\/pages\/2257\/revisions\/3285"}],"wp:attachment":[{"href":"https:\/\/pivkadelamaris.si\/en\/wp-json\/wp\/v2\/media?parent=2257"}],"curies":[{"name":"wp","href":"https:\/\/api.w.org\/{rel}","templated":true}]}}